{"id":13,"date":"2021-09-10T06:11:16","date_gmt":"2021-09-10T06:11:16","guid":{"rendered":"https:\/\/procrew.fi\/hiphei\/?page_id=13"},"modified":"2022-02-02T15:27:17","modified_gmt":"2022-02-02T15:27:17","slug":"tyonantajalle","status":"publish","type":"page","link":"https:\/\/procrew.fi\/index.php\/tyonantajalle\/","title":{"rendered":"Ty\u00f6nantajalle"},"content":{"rendered":"<h1>Ty\u00f6nantajalle<\/h1>\n<p>Henkil\u00f6st\u00f6vuokraustapamme poikkeaa useimmista toisista alan toimijoista esimerkiksi siten, ett\u00e4 \u201dtestaamme\u201d henkil\u00f6kuntaa ensin omissa kohteissamme. Kokit ravintoloissamme, messurakentajat omissa tapahtumissamme ja rakennusalan tekij\u00e4t oikeilla ty\u00f6mailla.<\/p>\n<p>Olemme toimittaneet ty\u00f6voimaa mm. seuraaville ty\u00f6paikoille<\/p>\n<p><strong>Hotellit<\/strong><br \/>\n<strong>Ravintolat<\/strong><br \/>\n<strong>Kahvilat<\/strong><br \/>\n<strong>Tapahtumaravintolat<\/strong><br \/>\n<strong>Messut<br \/>\n<\/strong><strong>Rakennusalan yritykset<\/strong><\/p>\n<p><img decoding=\"async\" width=\"748\" height=\"748\" src=\"https:\/\/procrew.fi\/hiphei\/wp-content\/uploads\/2021\/09\/messut.png\" alt=\"\" loading=\"lazy\" srcset=\"https:\/\/procrew.fi\/hiphei\/wp-content\/uploads\/2021\/09\/messut.png 748w, https:\/\/procrew.fi\/hiphei\/wp-content\/uploads\/2021\/09\/messut-300x300.png 300w, https:\/\/procrew.fi\/hiphei\/wp-content\/uploads\/2021\/09\/messut-150x150.png 150w\" sizes=\"auto, (max-width: 748px) 100vw, 748px\"><br \/>\n<img decoding=\"async\" width=\"748\" height=\"748\" src=\"https:\/\/procrew.fi\/hiphei\/wp-content\/uploads\/2021\/09\/kokki3.webp\" alt=\"\" loading=\"lazy\" srcset=\"https:\/\/procrew.fi\/hiphei\/wp-content\/uploads\/2021\/09\/kokki3.webp 748w, https:\/\/procrew.fi\/hiphei\/wp-content\/uploads\/2021\/09\/kokki3-300x300.webp 300w\" sizes=\"auto, (max-width: 748px) 100vw, 748px\"><br \/>\n<a href=\"https:\/\/procrew.fi\/index.php\/ota-yhteytta\/\" role=\"button\"><br \/>\nPyyd\u00e4 tarjous<br \/>\n<\/a><br \/>\n<a href=\"https:\/\/procrew.fi\/index.php\/ota-yhteytta\/\" role=\"button\"><br \/>\nKysy lis\u00e4\u00e4<br \/>\n<\/a><br \/>\n<img decoding=\"async\" width=\"300\" height=\"300\" src=\"https:\/\/procrew.fi\/hiphei\/wp-content\/uploads\/2021\/09\/logo-ilman-taustaa-2-300x300.png\" alt=\"\" loading=\"lazy\" srcset=\"https:\/\/procrew.fi\/hiphei\/wp-content\/uploads\/2021\/09\/logo-ilman-taustaa-2-300x300.png 300w, https:\/\/procrew.fi\/hiphei\/wp-content\/uploads\/2021\/09\/logo-ilman-taustaa-2-150x150.png 150w, https:\/\/procrew.fi\/hiphei\/wp-content\/uploads\/2021\/09\/logo-ilman-taustaa-2.png 500w\" sizes=\"auto, (max-width: 300px) 100vw, 300px\"><\/p>\n<p><strong>Ota&nbsp; yhteytt\u00e4<\/strong><\/p>\n<p><strong>Hotellit ja ravintolat<\/strong><br \/>\nJan-Jasper Jokinen<br \/>\np. 040 707 6811<\/p>\n<p><strong>Messut, tapahtumat ja rakentaminen<br \/>\n<\/strong>Mika J\u00e4rvinen<br \/>\np. 044 977 1453<\/p>\n<h4>Seuraa meit\u00e4<\/h4>\n<ul>\n<li>\n\t\t\t\t\t\t\t\t\t\tFacebook<\/li>\n<li>\n\t\t\t\t\t\t\t\t\t\tInstagram<\/li>\n<\/ul>\n<p>Copyright 2021 \u00a9 All rights Reserved. Design by Procrew<\/p>\n","protected":false},"excerpt":{"rendered":"<p>Ty\u00f6nantajalle Henkil\u00f6st\u00f6vuokraustapamme poikkeaa useimmista toisista alan toimijoista esimerkiksi siten, ett\u00e4 \u201dtestaamme\u201d henkil\u00f6kuntaa ensin omissa kohteissamme. Kokit ravintoloissamme, messurakentajat omissa tapahtumissamme ja rakennusalan tekij\u00e4t oikeilla ty\u00f6mailla. Olemme toimittaneet ty\u00f6voimaa mm. seuraaville ty\u00f6paikoille Hotellit Ravintolat Kahvilat Tapahtumaravintolat Messut Rakennusalan yritykset Pyyd\u00e4 tarjous Kysy lis\u00e4\u00e4 Ota&nbsp; yhteytt\u00e4 Hotellit ja ravintolat Jan-Jasper Jokinen p. 040 707 6811 Messut, tapahtumat [&hellip;]<\/p>\n","protected":false},"author":1,"featured_media":0,"parent":0,"menu_order":0,"comment_status":"closed","ping_status":"closed","template":"","meta":{"footnotes":""},"class_list":["post-13","page","type-page","status-publish","hentry"],"yoast_head":"<!-- This site is optimized with the Yoast SEO plugin v27.5 - https:\/\/yoast.com\/product\/yoast-seo-wordpress\/ -->\n<title>Ty\u00f6nantajalle - Ty\u00f6nantajalle<\/title>\n<meta name=\"robots\" content=\"index, follow, max-snippet:-1, max-image-preview:large, max-video-preview:-1\" \/>\n<link rel=\"canonical\" href=\"https:\/\/procrew.fi\/index.php\/tyonantajalle\/\" \/>\n<meta property=\"og:locale\" content=\"fi_FI\" \/>\n<meta property=\"og:type\" content=\"article\" \/>\n<meta property=\"og:title\" content=\"Ty\u00f6nantajalle - Ty\u00f6nantajalle\" \/>\n<meta property=\"og:description\" content=\"Ty\u00f6nantajalle Henkil\u00f6st\u00f6vuokraustapamme poikkeaa useimmista toisista alan toimijoista esimerkiksi siten, ett\u00e4 \u201dtestaamme\u201d henkil\u00f6kuntaa ensin omissa kohteissamme. Kokit ravintoloissamme, messurakentajat omissa tapahtumissamme ja rakennusalan tekij\u00e4t oikeilla ty\u00f6mailla. Olemme toimittaneet ty\u00f6voimaa mm. seuraaville ty\u00f6paikoille Hotellit Ravintolat Kahvilat Tapahtumaravintolat Messut Rakennusalan yritykset Pyyd\u00e4 tarjous Kysy lis\u00e4\u00e4 Ota&nbsp; yhteytt\u00e4 Hotellit ja ravintolat Jan-Jasper Jokinen p. 040 707 6811 Messut, tapahtumat [&hellip;]\" \/>\n<meta property=\"og:url\" content=\"https:\/\/procrew.fi\/index.php\/tyonantajalle\/\" \/>\n<meta property=\"article:modified_time\" content=\"2022-02-02T15:27:17+00:00\" \/>\n<meta property=\"og:image\" content=\"https:\/\/procrew.fi\/hiphei\/wp-content\/uploads\/2021\/09\/messut.png\" \/>\n<meta name=\"twitter:card\" content=\"summary_large_image\" \/>\n<meta name=\"twitter:label1\" content=\"Arvioitu lukuaika\" \/>\n\t<meta name=\"twitter:data1\" content=\"1 minuutti\" \/>\n<script type=\"application\/ld+json\" class=\"yoast-schema-graph\">{\"@context\":\"https:\\\/\\\/schema.org\",\"@graph\":[{\"@type\":\"WebPage\",\"@id\":\"https:\\\/\\\/procrew.fi\\\/index.php\\\/tyonantajalle\\\/\",\"url\":\"https:\\\/\\\/procrew.fi\\\/index.php\\\/tyonantajalle\\\/\",\"name\":\"Ty\u00f6nantajalle - Ty\u00f6nantajalle\",\"isPartOf\":{\"@id\":\"https:\\\/\\\/procrew.fi\\\/#website\"},\"primaryImageOfPage\":{\"@id\":\"https:\\\/\\\/procrew.fi\\\/index.php\\\/tyonantajalle\\\/#primaryimage\"},\"image\":{\"@id\":\"https:\\\/\\\/procrew.fi\\\/index.php\\\/tyonantajalle\\\/#primaryimage\"},\"thumbnailUrl\":\"https:\\\/\\\/procrew.fi\\\/hiphei\\\/wp-content\\\/uploads\\\/2021\\\/09\\\/messut.png\",\"datePublished\":\"2021-09-10T06:11:16+00:00\",\"dateModified\":\"2022-02-02T15:27:17+00:00\",\"breadcrumb\":{\"@id\":\"https:\\\/\\\/procrew.fi\\\/index.php\\\/tyonantajalle\\\/#breadcrumb\"},\"inLanguage\":\"fi\",\"potentialAction\":[{\"@type\":\"ReadAction\",\"target\":[\"https:\\\/\\\/procrew.fi\\\/index.php\\\/tyonantajalle\\\/\"]}]},{\"@type\":\"ImageObject\",\"inLanguage\":\"fi\",\"@id\":\"https:\\\/\\\/procrew.fi\\\/index.php\\\/tyonantajalle\\\/#primaryimage\",\"url\":\"https:\\\/\\\/procrew.fi\\\/hiphei\\\/wp-content\\\/uploads\\\/2021\\\/09\\\/messut.png\",\"contentUrl\":\"https:\\\/\\\/procrew.fi\\\/hiphei\\\/wp-content\\\/uploads\\\/2021\\\/09\\\/messut.png\",\"width\":748,\"height\":748},{\"@type\":\"BreadcrumbList\",\"@id\":\"https:\\\/\\\/procrew.fi\\\/index.php\\\/tyonantajalle\\\/#breadcrumb\",\"itemListElement\":[{\"@type\":\"ListItem\",\"position\":1,\"name\":\"Etusivu\",\"item\":\"https:\\\/\\\/procrew.fi\\\/\"},{\"@type\":\"ListItem\",\"position\":2,\"name\":\"Ty\u00f6nantajalle\"}]},{\"@type\":\"WebSite\",\"@id\":\"https:\\\/\\\/procrew.fi\\\/#website\",\"url\":\"https:\\\/\\\/procrew.fi\\\/\",\"name\":\"\",\"description\":\"\",\"potentialAction\":[{\"@type\":\"SearchAction\",\"target\":{\"@type\":\"EntryPoint\",\"urlTemplate\":\"https:\\\/\\\/procrew.fi\\\/?s={search_term_string}\"},\"query-input\":{\"@type\":\"PropertyValueSpecification\",\"valueRequired\":true,\"valueName\":\"search_term_string\"}}],\"inLanguage\":\"fi\"}]}<\/script>\n<!-- \/ Yoast SEO plugin. -->","yoast_head_json":{"title":"Ty\u00f6nantajalle - Ty\u00f6nantajalle","robots":{"index":"index","follow":"follow","max-snippet":"max-snippet:-1","max-image-preview":"max-image-preview:large","max-video-preview":"max-video-preview:-1"},"canonical":"https:\/\/procrew.fi\/index.php\/tyonantajalle\/","og_locale":"fi_FI","og_type":"article","og_title":"Ty\u00f6nantajalle - Ty\u00f6nantajalle","og_description":"Ty\u00f6nantajalle Henkil\u00f6st\u00f6vuokraustapamme poikkeaa useimmista toisista alan toimijoista esimerkiksi siten, ett\u00e4 \u201dtestaamme\u201d henkil\u00f6kuntaa ensin omissa kohteissamme. Kokit ravintoloissamme, messurakentajat omissa tapahtumissamme ja rakennusalan tekij\u00e4t oikeilla ty\u00f6mailla. Olemme toimittaneet ty\u00f6voimaa mm. seuraaville ty\u00f6paikoille Hotellit Ravintolat Kahvilat Tapahtumaravintolat Messut Rakennusalan yritykset Pyyd\u00e4 tarjous Kysy lis\u00e4\u00e4 Ota&nbsp; yhteytt\u00e4 Hotellit ja ravintolat Jan-Jasper Jokinen p. 040 707 6811 Messut, tapahtumat [&hellip;]","og_url":"https:\/\/procrew.fi\/index.php\/tyonantajalle\/","article_modified_time":"2022-02-02T15:27:17+00:00","og_image":[{"url":"https:\/\/procrew.fi\/hiphei\/wp-content\/uploads\/2021\/09\/messut.png","type":"","width":"","height":""}],"twitter_card":"summary_large_image","twitter_misc":{"Arvioitu lukuaika":"1 minuutti"},"schema":{"@context":"https:\/\/schema.org","@graph":[{"@type":"WebPage","@id":"https:\/\/procrew.fi\/index.php\/tyonantajalle\/","url":"https:\/\/procrew.fi\/index.php\/tyonantajalle\/","name":"Ty\u00f6nantajalle - Ty\u00f6nantajalle","isPartOf":{"@id":"https:\/\/procrew.fi\/#website"},"primaryImageOfPage":{"@id":"https:\/\/procrew.fi\/index.php\/tyonantajalle\/#primaryimage"},"image":{"@id":"https:\/\/procrew.fi\/index.php\/tyonantajalle\/#primaryimage"},"thumbnailUrl":"https:\/\/procrew.fi\/hiphei\/wp-content\/uploads\/2021\/09\/messut.png","datePublished":"2021-09-10T06:11:16+00:00","dateModified":"2022-02-02T15:27:17+00:00","breadcrumb":{"@id":"https:\/\/procrew.fi\/index.php\/tyonantajalle\/#breadcrumb"},"inLanguage":"fi","potentialAction":[{"@type":"ReadAction","target":["https:\/\/procrew.fi\/index.php\/tyonantajalle\/"]}]},{"@type":"ImageObject","inLanguage":"fi","@id":"https:\/\/procrew.fi\/index.php\/tyonantajalle\/#primaryimage","url":"https:\/\/procrew.fi\/hiphei\/wp-content\/uploads\/2021\/09\/messut.png","contentUrl":"https:\/\/procrew.fi\/hiphei\/wp-content\/uploads\/2021\/09\/messut.png","width":748,"height":748},{"@type":"BreadcrumbList","@id":"https:\/\/procrew.fi\/index.php\/tyonantajalle\/#breadcrumb","itemListElement":[{"@type":"ListItem","position":1,"name":"Etusivu","item":"https:\/\/procrew.fi\/"},{"@type":"ListItem","position":2,"name":"Ty\u00f6nantajalle"}]},{"@type":"WebSite","@id":"https:\/\/procrew.fi\/#website","url":"https:\/\/procrew.fi\/","name":"","description":"","potentialAction":[{"@type":"SearchAction","target":{"@type":"EntryPoint","urlTemplate":"https:\/\/procrew.fi\/?s={search_term_string}"},"query-input":{"@type":"PropertyValueSpecification","valueRequired":true,"valueName":"search_term_string"}}],"inLanguage":"fi"}]}},"_links":{"self":[{"href":"https:\/\/procrew.fi\/index.php\/wp-json\/wp\/v2\/pages\/13","targetHints":{"allow":["GET"]}}],"collection":[{"href":"https:\/\/procrew.fi\/index.php\/wp-json\/wp\/v2\/pages"}],"about":[{"href":"https:\/\/procrew.fi\/index.php\/wp-json\/wp\/v2\/types\/page"}],"author":[{"embeddable":true,"href":"https:\/\/procrew.fi\/index.php\/wp-json\/wp\/v2\/users\/1"}],"replies":[{"embeddable":true,"href":"https:\/\/procrew.fi\/index.php\/wp-json\/wp\/v2\/comments?post=13"}],"version-history":[{"count":39,"href":"https:\/\/procrew.fi\/index.php\/wp-json\/wp\/v2\/pages\/13\/revisions"}],"predecessor-version":[{"id":1224,"href":"https:\/\/procrew.fi\/index.php\/wp-json\/wp\/v2\/pages\/13\/revisions\/1224"}],"wp:attachment":[{"href":"https:\/\/procrew.fi\/index.php\/wp-json\/wp\/v2\/media?parent=13"}],"curies":[{"name":"wp","href":"https:\/\/api.w.org\/{rel}","templated":true}]}}